{"id":27615,"date":"2024-06-24T07:23:49","date_gmt":"2024-06-24T07:23:49","guid":{"rendered":"https:\/\/zenny.bzotech.com\/?post_type=product&#038;p=27615"},"modified":"2026-03-14T01:15:33","modified_gmt":"2026-03-14T01:15:33","slug":"louise-ecaille","status":"publish","type":"product","link":"https:\/\/lunty.fr\/en\/product\/louise-ecaille\/","title":{"rendered":"Louise. \u00e9caille"},"content":{"rendered":"<div data-elementor-type=\"wp-post\" data-elementor-id=\"27615\" class=\"elementor elementor-27615\">\n\t\t\t\t<div class=\"elementor-element elementor-element-4eadbf5f e-flex e-con-boxed e-con e-parent\" data-id=\"4eadbf5f\" data-element_type=\"container\" data-e-type=\"container\">\n\t\t\t\t\t<div class=\"e-con-inner\">\n\t\t\t\t<div class=\"elementor-element elementor-element-453672bd elementor-widget elementor-widget-text-editor\" data-id=\"453672bd\" data-element_type=\"widget\" data-e-type=\"widget\" data-widget_type=\"text-editor.default\">\n\t\t\t\t\t\t\t\t\t<p>Dimensions<\/p><ul type=\"disc\"><li>Hauteur des verres\u00a0: 50 mm<\/li><li>Largeur totale de la monture\u00a0: 138 mm<\/li><li>Longueur des branches\u00a0: 143 mm<\/li><\/ul><p>\u00a0<\/p><p>D\u00e9tails<\/p><ul type=\"disc\"><li>Couleur\u00a0: \u00c9caille<\/li><li>Style\u00a0: Moderne et \u00e9pur\u00e9<\/li><li>Mat\u00e9riau de la monture\u00a0: Ac\u00e9tate<\/li><li>Mati\u00e8re des verres\u00a0: CR39 (Verres organiques ultra-r\u00e9sistant)<\/li><li>Traitement des verres\u00a0: Anti-lumi\u00e8re bleue<\/li><li>Correction visuelle\u00a0: Aucune (verres non correcteurs)<\/li><li>Conformit\u00e9\u00a0: Marquage CE \u2013 conforme aux exigences europ\u00e9ennes<\/li><\/ul>\t\t\t\t\t\t\t\t<\/div>\n\t\t\t\t\t<\/div>\n\t\t\t\t<\/div>\n\t\t\t\t<\/div>","protected":false},"excerpt":{"rendered":"<p>Dimensions Hauteur des verres\u00a0: 50 mm Largeur totale de la monture\u00a0: 138 mm Longueur des branches\u00a0: 143 mm \u00a0 D\u00e9tails Couleur\u00a0: \u00c9caille Style\u00a0: Moderne et \u00e9pur\u00e9 Mat\u00e9riau de la monture\u00a0: Ac\u00e9tate Mati\u00e8re des verres\u00a0: CR39 (Verres organiques ultra-r\u00e9sistant) Traitement des verres\u00a0: Anti-lumi\u00e8re bleue Correction visuelle\u00a0: Aucune (verres non correcteurs) Conformit\u00e9\u00a0: Marquage CE \u2013 conforme aux [&hellip;]<\/p>\n","protected":false},"featured_media":33100,"comment_status":"open","ping_status":"closed","template":"","meta":[],"product_brand":[],"product_cat":[38],"product_tag":[],"class_list":{"0":"post-27615","1":"product","2":"type-product","3":"status-publish","4":"has-post-thumbnail","6":"product_cat-lunty","7":"product_shipping_class-free-shipping","9":"first","10":"instock","11":"sale","12":"shipping-taxable","13":"purchasable","14":"product-type-simple"},"_links":{"self":[{"href":"https:\/\/lunty.fr\/en\/wp-json\/wp\/v2\/product\/27615","targetHints":{"allow":["GET"]}}],"collection":[{"href":"https:\/\/lunty.fr\/en\/wp-json\/wp\/v2\/product"}],"about":[{"href":"https:\/\/lunty.fr\/en\/wp-json\/wp\/v2\/types\/product"}],"replies":[{"embeddable":true,"href":"https:\/\/lunty.fr\/en\/wp-json\/wp\/v2\/comments?post=27615"}],"version-history":[{"count":18,"href":"https:\/\/lunty.fr\/en\/wp-json\/wp\/v2\/product\/27615\/revisions"}],"predecessor-version":[{"id":33659,"href":"https:\/\/lunty.fr\/en\/wp-json\/wp\/v2\/product\/27615\/revisions\/33659"}],"wp:featuredmedia":[{"embeddable":true,"href":"https:\/\/lunty.fr\/en\/wp-json\/wp\/v2\/media\/33100"}],"wp:attachment":[{"href":"https:\/\/lunty.fr\/en\/wp-json\/wp\/v2\/media?parent=27615"}],"wp:term":[{"taxonomy":"product_brand","embeddable":true,"href":"https:\/\/lunty.fr\/en\/wp-json\/wp\/v2\/product_brand?post=27615"},{"taxonomy":"product_cat","embeddable":true,"href":"https:\/\/lunty.fr\/en\/wp-json\/wp\/v2\/product_cat?post=27615"},{"taxonomy":"product_tag","embeddable":true,"href":"https:\/\/lunty.fr\/en\/wp-json\/wp\/v2\/product_tag?post=27615"}],"curies":[{"name":"wp","href":"https:\/\/api.w.org\/{rel}","templated":true}]}}