{"id":27554,"date":"2024-06-21T09:42:29","date_gmt":"2024-06-21T09:42:29","guid":{"rendered":"https:\/\/zenny.bzotech.com\/?post_type=product&#038;p=27554"},"modified":"2026-01-21T21:14:27","modified_gmt":"2026-01-21T21:14:27","slug":"maelle-ecaille","status":"publish","type":"product","link":"https:\/\/lunty.fr\/en\/product\/maelle-ecaille\/","title":{"rendered":"Ma\u00eblle. \u00e9caille"},"content":{"rendered":"<p>Dimensions<\/p>\n<ul type=\"disc\">\n<li>Hauteur des verres\u00a0: 50 mm<\/li>\n<li>Largeur totale de la monture\u00a0: 138 mm<\/li>\n<li>Longueur des branches\u00a0: 143 mm<\/li>\n<\/ul>\n<p>&nbsp;<\/p>\n<p>D\u00e9tails<\/p>\n<ul type=\"disc\">\n<li>Couleur\u00a0: \u00c9caille<\/li>\n<li>Style\u00a0: Moderne et \u00e9pur\u00e9<\/li>\n<li>Mat\u00e9riau de la monture\u00a0: Ac\u00e9tate<\/li>\n<li>Mati\u00e8re des verres\u00a0: CR39 (Verres organiques ultra-r\u00e9sistant)<\/li>\n<li>Traitement des verres\u00a0: Anti-lumi\u00e8re bleue<\/li>\n<li>Correction visuelle\u00a0: Aucune (verres non correcteurs)<\/li>\n<li>Conformit\u00e9\u00a0: Marquage CE \u2013 conforme aux exigences europ\u00e9ennes<\/li>\n<\/ul>","protected":false},"excerpt":{"rendered":"<p>Dimensions Hauteur des verres\u00a0: 50 mm Largeur totale de la monture\u00a0: 138 mm Longueur des branches\u00a0: 143 mm &nbsp; D\u00e9tails Couleur\u00a0: \u00c9caille Style\u00a0: Moderne et \u00e9pur\u00e9 Mat\u00e9riau de la monture\u00a0: Ac\u00e9tate Mati\u00e8re des verres\u00a0: CR39 (Verres organiques ultra-r\u00e9sistant) Traitement des verres\u00a0: Anti-lumi\u00e8re bleue Correction visuelle\u00a0: Aucune (verres non correcteurs) Conformit\u00e9\u00a0: Marquage CE \u2013 conforme aux [&hellip;]<\/p>\n","protected":false},"featured_media":33119,"comment_status":"open","ping_status":"closed","template":"","meta":[],"product_brand":[],"product_cat":[38],"product_tag":[],"class_list":{"0":"post-27554","1":"product","2":"type-product","3":"status-publish","4":"has-post-thumbnail","6":"product_cat-lunty","7":"product_shipping_class-shipping-charged","9":"first","10":"instock","11":"sale","12":"shipping-taxable","13":"purchasable","14":"product-type-simple"},"_links":{"self":[{"href":"https:\/\/lunty.fr\/en\/wp-json\/wp\/v2\/product\/27554","targetHints":{"allow":["GET"]}}],"collection":[{"href":"https:\/\/lunty.fr\/en\/wp-json\/wp\/v2\/product"}],"about":[{"href":"https:\/\/lunty.fr\/en\/wp-json\/wp\/v2\/types\/product"}],"replies":[{"embeddable":true,"href":"https:\/\/lunty.fr\/en\/wp-json\/wp\/v2\/comments?post=27554"}],"version-history":[{"count":3,"href":"https:\/\/lunty.fr\/en\/wp-json\/wp\/v2\/product\/27554\/revisions"}],"predecessor-version":[{"id":33147,"href":"https:\/\/lunty.fr\/en\/wp-json\/wp\/v2\/product\/27554\/revisions\/33147"}],"wp:featuredmedia":[{"embeddable":true,"href":"https:\/\/lunty.fr\/en\/wp-json\/wp\/v2\/media\/33119"}],"wp:attachment":[{"href":"https:\/\/lunty.fr\/en\/wp-json\/wp\/v2\/media?parent=27554"}],"wp:term":[{"taxonomy":"product_brand","embeddable":true,"href":"https:\/\/lunty.fr\/en\/wp-json\/wp\/v2\/product_brand?post=27554"},{"taxonomy":"product_cat","embeddable":true,"href":"https:\/\/lunty.fr\/en\/wp-json\/wp\/v2\/product_cat?post=27554"},{"taxonomy":"product_tag","embeddable":true,"href":"https:\/\/lunty.fr\/en\/wp-json\/wp\/v2\/product_tag?post=27554"}],"curies":[{"name":"wp","href":"https:\/\/api.w.org\/{rel}","templated":true}]}}