{"id":956,"date":"2022-11-23T01:44:08","date_gmt":"2022-11-23T01:44:08","guid":{"rendered":"https:\/\/demo.bzotech.com\/bw_aleta\/?page_id=956"},"modified":"2026-04-13T19:37:22","modified_gmt":"2026-04-13T19:37:22","slug":"about-page","status":"publish","type":"page","link":"https:\/\/lunty.fr\/en\/about-page\/","title":{"rendered":"ABOUT US"},"content":{"rendered":"<div data-elementor-type=\"wp-page\" data-elementor-id=\"956\" class=\"elementor elementor-956\">\n\t\t\t\t<div class=\"elementor-element elementor-element-e87d6b1 e-flex e-con-boxed e-con e-parent\" data-id=\"e87d6b1\" data-element_type=\"container\" data-e-type=\"container\">\n\t\t\t\t\t<div class=\"e-con-inner\">\n\t\t<div class=\"elementor-element elementor-element-8fa7afe e-con-full e-flex e-con e-child\" data-id=\"8fa7afe\" data-element_type=\"container\" data-e-type=\"container\">\n\t\t\t\t<div class=\"elementor-element elementor-element-5d8d256 elementor-widget elementor-widget-bzotech-heading-global\" data-id=\"5d8d256\" data-element_type=\"widget\" data-e-type=\"widget\" data-widget_type=\"bzotech-heading-global.default\">\n\t\t\t\t<div class=\"elementor-widget-container\">\n\t\t\t\t\t<h2 class=\"container-flex-e elbzotech-heading-global font-title text-css-e font-semibold  title48 color-title elbzotech-heading-global-style1\">\u00c0 propos de nous<span class=\"type-title_shadow\"><\/span><\/h2>\t\t\t\t<\/div>\n\t\t\t\t<\/div>\n\t\t\t\t<div class=\"elementor-element elementor-element-49bc46e elementor-widget elementor-widget-bzotech-heading-global\" data-id=\"49bc46e\" data-element_type=\"widget\" data-e-type=\"widget\" data-widget_type=\"bzotech-heading-global.default\">\n\t\t\t\t<div class=\"elementor-widget-container\">\n\t\t\t\t\t<div class=\"elbzotech-text-editor-global text-css-e\"><p data-start=\"170\" data-end=\"442\">Lunty est n\u00e9e d\u2019un constat simple : aujourd\u2019hui, nous passons une grande partie de nos journ\u00e9es devant des \u00e9crans. Ordinateurs, smartphones ou tablettes font d\u00e9sormais partie de notre quotidien, mais cette exposition prolong\u00e9e peut entra\u00eener fatigue visuelle et inconfort.<\/p><p data-start=\"444\" data-end=\"743\">Pens\u00e9e par des femmes, pour les femmes, <strong data-start=\"484\" data-end=\"493\">Lunty<\/strong> propose une collection de lunettes anti lumi\u00e8re bleue con\u00e7ues pour accompagner le rythme de vie moderne. Nos montures \u00e9l\u00e9gantes et modernes sont \u00e9quip\u00e9es de verres sp\u00e9cialement con\u00e7us pour filtrer une partie de la lumi\u00e8re bleue \u00e9mise par les \u00e9crans.<\/p><p data-start=\"745\" data-end=\"989\">Tout au long de la journ\u00e9e, elles contribuent \u00e0 am\u00e9liorer le confort visuel et \u00e0 r\u00e9duire la sensation de fatigue li\u00e9e \u00e0 une utilisation prolong\u00e9e des \u00e9crans. Une solution simple pour prendre soin de ses yeux, tout en restant fid\u00e8le \u00e0 son style.<\/p><p data-start=\"991\" data-end=\"1158\"><strong data-start=\"991\" data-end=\"1000\">Lunty<\/strong>, ce sont des lunettes imagin\u00e9es pour les femmes d\u2019aujourd\u2019hui : actives, connect\u00e9es et attentives \u00e0 leur bien-\u00eatre, sans compromis entre \u00e9l\u00e9gance et confort.<\/p><\/div>\t\t\t\t<\/div>\n\t\t\t\t<\/div>\n\t\t\t\t<\/div>\n\t\t<div class=\"elementor-element elementor-element-14ec06e e-con-full e-flex e-con e-child\" data-id=\"14ec06e\" data-element_type=\"container\" data-e-type=\"container\">\n\t\t\t\t<div class=\"elementor-element elementor-element-532fe2d elementor-widget elementor-widget-bzotech-banner-info-global\" data-id=\"532fe2d\" data-element_type=\"widget\" data-e-type=\"widget\" data-widget_type=\"bzotech-banner-info-global.default\">\n\t\t\t\t<div class=\"elementor-widget-container\">\n\t\t\t\t\t<div class=\"elbzotech-banner-info-global-wrap elbzotech-banner-info-global-elbzotech-bndf zoom-image elbzotech-hidden wrap-flex-e-elbzotech-info-inner\" >\r\n\t\t\t<div class=\"elbzotech-banner-info-global-thumb zoom-image elbzotech-hidden\" >\r\n\t\t\t<a class=\"adv-thumb-link  elementor-animation-\" rel=\"nofollow\" role=\"button\" >\r\n\t\t\t\t\t\t\t\t\t\t\t\t<img fetchpriority=\"high\" decoding=\"async\" width=\"1024\" height=\"1536\" src=\"https:\/\/lunty.fr\/wp-content\/uploads\/2026\/01\/ChatGPT-Image-25-janv.-2026-18_11_09.png\" class=\"attachment-full size-full wp-image-33599\" alt=\"\" srcset=\"https:\/\/lunty.fr\/wp-content\/uploads\/2026\/01\/ChatGPT-Image-25-janv.-2026-18_11_09.png 1024w, https:\/\/lunty.fr\/wp-content\/uploads\/2026\/01\/ChatGPT-Image-25-janv.-2026-18_11_09-600x900.png 600w, https:\/\/lunty.fr\/wp-content\/uploads\/2026\/01\/ChatGPT-Image-25-janv.-2026-18_11_09-200x300.png 200w, https:\/\/lunty.fr\/wp-content\/uploads\/2026\/01\/ChatGPT-Image-25-janv.-2026-18_11_09-683x1024.png 683w, https:\/\/lunty.fr\/wp-content\/uploads\/2026\/01\/ChatGPT-Image-25-janv.-2026-18_11_09-768x1152.png 768w\" sizes=\"(max-width: 1024px) 100vw, 1024px\" \/>\t\t\t\t\t\t\t<\/a>\r\n\t\t<\/div>\r\n\t<\/div>\t\t\t\t<\/div>\n\t\t\t\t<\/div>\n\t\t\t\t<\/div>\n\t\t\t\t\t<\/div>\n\t\t\t\t<\/div>\n\t\t<div class=\"elementor-element elementor-element-43990b9 e-flex e-con-boxed e-con e-parent\" data-id=\"43990b9\" data-element_type=\"container\" data-e-type=\"container\">\n\t\t\t\t\t<div class=\"e-con-inner\">\n\t\t<div class=\"elementor-element elementor-element-9ba9cf5 e-con-full e-flex e-con e-child\" data-id=\"9ba9cf5\" data-element_type=\"container\" data-e-type=\"container\">\n\t\t\t\t<div class=\"elementor-element elementor-element-837b1ab elementor-widget elementor-widget-bzotech-heading-global\" data-id=\"837b1ab\" data-element_type=\"widget\" data-e-type=\"widget\" data-widget_type=\"bzotech-heading-global.default\">\n\t\t\t\t<div class=\"elementor-widget-container\">\n\t\t\t\t\t<h2 class=\"container-flex-e elbzotech-heading-global font-title text-css-e font-semibold  title48 color-title elbzotech-heading-global-style1\">NOTRE SERVICE<span class=\"type-title_shadow\"><\/span><\/h2>\t\t\t\t<\/div>\n\t\t\t\t<\/div>\n\t\t\t\t<\/div>\n\t\t\t\t\t<\/div>\n\t\t\t\t<\/div>\n\t\t<div class=\"elementor-element elementor-element-ca2aa14 e-flex e-con-boxed e-con e-parent\" data-id=\"ca2aa14\" data-element_type=\"container\" data-e-type=\"container\">\n\t\t\t\t\t<div class=\"e-con-inner\">\n\t\t<div class=\"elementor-element elementor-element-f4bc26f e-con-full e-flex e-con e-child\" data-id=\"f4bc26f\" data-element_type=\"container\" data-e-type=\"container\">\n\t\t\t\t<div class=\"elementor-element elementor-element-f397e2c elementor-widget elementor-widget-bzotech_info_box_global\" data-id=\"f397e2c\" data-element_type=\"widget\" data-e-type=\"widget\" data-widget_type=\"bzotech_info_box_global.default\">\n\t\t\t\t<div class=\"elementor-widget-container\">\n\t\t\t\t\t<div class=\"flex-wrapper container-flex-e bzoteche-info-box-global- item-info-box-global\">\r\n\t<div class=\"info-box-icon item-image-icon-e  elementor-animation-\"><a ><img decoding=\"async\" width=\"60\" height=\"60\" src=\"https:\/\/lunty.fr\/wp-content\/uploads\/2023\/11\/ship-about.png.webp\" class=\"attachment-full size-full wp-image-19518\" alt=\"\" \/><\/a><\/div><div class = \"list-text-info flex-wrapper info-container-flex-e\">        <h2  class=\"list-text-info__item  elementor-repeater-item-08484db\">Livraison offerte d\u00e8s 59 \u20ac d\u2019achat<\/h2><\/div><\/div>\t\t\t\t<\/div>\n\t\t\t\t<\/div>\n\t\t\t\t<\/div>\n\t\t<div class=\"elementor-element elementor-element-4e97abf e-con-full e-flex e-con e-child\" data-id=\"4e97abf\" data-element_type=\"container\" data-e-type=\"container\">\n\t\t\t\t<div class=\"elementor-element elementor-element-2fcb921 elementor-widget elementor-widget-bzotech_info_box_global\" data-id=\"2fcb921\" data-element_type=\"widget\" data-e-type=\"widget\" data-widget_type=\"bzotech_info_box_global.default\">\n\t\t\t\t<div class=\"elementor-widget-container\">\n\t\t\t\t\t<div class=\"flex-wrapper container-flex-e bzoteche-info-box-global- item-info-box-global\">\r\n\t<div class=\"info-box-icon item-image-icon-e  elementor-animation-\"><a ><img decoding=\"async\" width=\"60\" height=\"60\" src=\"https:\/\/lunty.fr\/wp-content\/uploads\/2024\/06\/icon3-product-detail.webp\" class=\"attachment-full size-full wp-image-27884\" alt=\"\" \/><\/a><\/div><div class = \"list-text-info flex-wrapper info-container-flex-e\">        <h2  class=\"list-text-info__item  elementor-repeater-item-c5959f9\">Retour possible sous 14 jours apr\u00e8s r\u00e9ception<\/h2><\/div><\/div>\t\t\t\t<\/div>\n\t\t\t\t<\/div>\n\t\t\t\t<\/div>\n\t\t<div class=\"elementor-element elementor-element-7973d7c e-con-full e-flex e-con e-child\" data-id=\"7973d7c\" data-element_type=\"container\" data-e-type=\"container\">\n\t\t\t\t<div class=\"elementor-element elementor-element-30fa9e5 elementor-widget elementor-widget-bzotech_info_box_global\" data-id=\"30fa9e5\" data-element_type=\"widget\" data-e-type=\"widget\" data-widget_type=\"bzotech_info_box_global.default\">\n\t\t\t\t<div class=\"elementor-widget-container\">\n\t\t\t\t\t<div class=\"flex-wrapper container-flex-e bzoteche-info-box-global- item-info-box-global\">\r\n\t<div class=\"info-box-icon item-image-icon-e  elementor-animation-\"><a ><img loading=\"lazy\" decoding=\"async\" width=\"60\" height=\"60\" src=\"https:\/\/lunty.fr\/wp-content\/uploads\/2023\/05\/icon1-product-detail.png.webp\" class=\"attachment-full size-full wp-image-19504\" alt=\"\" \/><\/a><\/div><div class = \"list-text-info flex-wrapper info-container-flex-e\">        <h2  class=\"list-text-info__item  elementor-repeater-item-36727cb\">Paiement simple, rapide et s\u00e9curis\u00e9<\/h2><\/div><\/div>\t\t\t\t<\/div>\n\t\t\t\t<\/div>\n\t\t\t\t<\/div>\n\t\t\t\t\t<\/div>\n\t\t\t\t<\/div>\n\t\t<div class=\"elementor-element elementor-element-a49c90d e-flex e-con-boxed e-con e-parent\" data-id=\"a49c90d\" data-element_type=\"container\" data-e-type=\"container\">\n\t\t\t\t\t<div class=\"e-con-inner\">\n\t\t<div class=\"elementor-element elementor-element-e490e87 e-con-full e-flex e-con e-child\" data-id=\"e490e87\" data-element_type=\"container\" data-e-type=\"container\">\n\t\t\t\t<div class=\"elementor-element elementor-element-1170675 elementor-widget elementor-widget-bzotech-banner-info-global\" data-id=\"1170675\" data-element_type=\"widget\" data-e-type=\"widget\" data-widget_type=\"bzotech-banner-info-global.default\">\n\t\t\t\t<div class=\"elementor-widget-container\">\n\t\t\t\t\t<div class=\"elbzotech-banner-info-global-wrap elbzotech-banner-info-global-elbzotech-bndf pull-curtain zoom-image elbzotech-hidden wrap-flex-e-elbzotech-info-inner\" >\r\n\t\t\t<div class=\"elbzotech-banner-info-global-thumb pull-curtain zoom-image elbzotech-hidden\" >\r\n\t\t\t<a class=\"adv-thumb-link  elementor-animation-\" rel=\"nofollow\" href=\"#\" >\r\n\t\t\t\t\t\t\t\t\t\t\t\t<img loading=\"lazy\" decoding=\"async\" width=\"1024\" height=\"1024\" src=\"https:\/\/lunty.fr\/wp-content\/uploads\/2026\/01\/ChatGPT-Image-12-janv.-2026-21_29_48.png\" class=\"attachment-full size-full wp-image-33530\" alt=\"\" srcset=\"https:\/\/lunty.fr\/wp-content\/uploads\/2026\/01\/ChatGPT-Image-12-janv.-2026-21_29_48.png 1024w, https:\/\/lunty.fr\/wp-content\/uploads\/2026\/01\/ChatGPT-Image-12-janv.-2026-21_29_48-300x300.png 300w, https:\/\/lunty.fr\/wp-content\/uploads\/2026\/01\/ChatGPT-Image-12-janv.-2026-21_29_48-150x150.png 150w, https:\/\/lunty.fr\/wp-content\/uploads\/2026\/01\/ChatGPT-Image-12-janv.-2026-21_29_48-600x600.png 600w, https:\/\/lunty.fr\/wp-content\/uploads\/2026\/01\/ChatGPT-Image-12-janv.-2026-21_29_48-768x768.png 768w\" sizes=\"(max-width: 1024px) 100vw, 1024px\" \/>\t\t\t\t\t\t\t<\/a>\r\n\t\t<\/div>\r\n\t<\/div>\t\t\t\t<\/div>\n\t\t\t\t<\/div>\n\t\t\t\t<\/div>\n\t\t<div class=\"elementor-element elementor-element-2d3ac6b e-con-full e-flex e-con e-child\" data-id=\"2d3ac6b\" data-element_type=\"container\" data-e-type=\"container\">\n\t\t\t\t<div class=\"elementor-element elementor-element-02c3fbd elementor-widget elementor-widget-bzotech-banner-info-global\" data-id=\"02c3fbd\" data-element_type=\"widget\" data-e-type=\"widget\" data-widget_type=\"bzotech-banner-info-global.default\">\n\t\t\t\t<div class=\"elementor-widget-container\">\n\t\t\t\t\t<div class=\"elbzotech-banner-info-global-wrap elbzotech-banner-info-global-elbzotech-bndf pull-curtain zoom-image elbzotech-hidden wrap-flex-e-elbzotech-info-inner\" >\r\n\t\t\t<div class=\"elbzotech-banner-info-global-thumb pull-curtain zoom-image elbzotech-hidden\" >\r\n\t\t\t<a class=\"adv-thumb-link  elementor-animation-\" rel=\"nofollow\" href=\"#\" >\r\n\t\t\t\t\t\t\t\t\t\t\t\t<img loading=\"lazy\" decoding=\"async\" width=\"1024\" height=\"1024\" src=\"https:\/\/lunty.fr\/wp-content\/uploads\/2026\/01\/ChatGPT-Image-10-janv.-2026-00_21_15.png\" class=\"attachment-full size-full wp-image-33531\" alt=\"\" srcset=\"https:\/\/lunty.fr\/wp-content\/uploads\/2026\/01\/ChatGPT-Image-10-janv.-2026-00_21_15.png 1024w, https:\/\/lunty.fr\/wp-content\/uploads\/2026\/01\/ChatGPT-Image-10-janv.-2026-00_21_15-300x300.png 300w, https:\/\/lunty.fr\/wp-content\/uploads\/2026\/01\/ChatGPT-Image-10-janv.-2026-00_21_15-150x150.png 150w, https:\/\/lunty.fr\/wp-content\/uploads\/2026\/01\/ChatGPT-Image-10-janv.-2026-00_21_15-600x600.png 600w, https:\/\/lunty.fr\/wp-content\/uploads\/2026\/01\/ChatGPT-Image-10-janv.-2026-00_21_15-768x768.png 768w\" sizes=\"(max-width: 1024px) 100vw, 1024px\" \/>\t\t\t\t\t\t\t<\/a>\r\n\t\t<\/div>\r\n\t<\/div>\t\t\t\t<\/div>\n\t\t\t\t<\/div>\n\t\t\t\t<\/div>\n\t\t<div class=\"elementor-element elementor-element-58a6ae7 e-con-full e-flex e-con e-child\" data-id=\"58a6ae7\" data-element_type=\"container\" data-e-type=\"container\">\n\t\t\t\t<div class=\"elementor-element elementor-element-80b795d elementor-widget elementor-widget-bzotech-banner-info-global\" data-id=\"80b795d\" data-element_type=\"widget\" data-e-type=\"widget\" data-widget_type=\"bzotech-banner-info-global.default\">\n\t\t\t\t<div class=\"elementor-widget-container\">\n\t\t\t\t\t<div class=\"elbzotech-banner-info-global-wrap elbzotech-banner-info-global-elbzotech-bndf pull-curtain zoom-image elbzotech-hidden wrap-flex-e-elbzotech-info-inner\" >\r\n\t\t\t<div class=\"elbzotech-banner-info-global-thumb pull-curtain zoom-image elbzotech-hidden\" >\r\n\t\t\t<a class=\"adv-thumb-link  elementor-animation-\" rel=\"nofollow\" href=\"#\" >\r\n\t\t\t\t\t\t\t\t\t\t\t\t<img loading=\"lazy\" decoding=\"async\" width=\"1024\" height=\"1024\" src=\"https:\/\/lunty.fr\/wp-content\/uploads\/2026\/01\/ChatGPT-Image-22-janv.-2026-22_51_18.png\" class=\"attachment-full size-full wp-image-33586\" alt=\"\" srcset=\"https:\/\/lunty.fr\/wp-content\/uploads\/2026\/01\/ChatGPT-Image-22-janv.-2026-22_51_18.png 1024w, https:\/\/lunty.fr\/wp-content\/uploads\/2026\/01\/ChatGPT-Image-22-janv.-2026-22_51_18-300x300.png 300w, https:\/\/lunty.fr\/wp-content\/uploads\/2026\/01\/ChatGPT-Image-22-janv.-2026-22_51_18-150x150.png 150w, https:\/\/lunty.fr\/wp-content\/uploads\/2026\/01\/ChatGPT-Image-22-janv.-2026-22_51_18-600x600.png 600w, https:\/\/lunty.fr\/wp-content\/uploads\/2026\/01\/ChatGPT-Image-22-janv.-2026-22_51_18-768x768.png 768w\" sizes=\"(max-width: 1024px) 100vw, 1024px\" \/>\t\t\t\t\t\t\t<\/a>\r\n\t\t<\/div>\r\n\t<\/div>\t\t\t\t<\/div>\n\t\t\t\t<\/div>\n\t\t\t\t<\/div>\n\t\t\t\t\t<\/div>\n\t\t\t\t<\/div>\n\t\t<div class=\"elementor-element elementor-element-82053a5 e-flex e-con-boxed e-con e-parent\" data-id=\"82053a5\" data-element_type=\"container\" data-e-type=\"container\">\n\t\t\t\t\t<div class=\"e-con-inner\">\n\t\t<div class=\"elementor-element elementor-element-f22abcc e-con-full e-flex e-con e-child\" data-id=\"f22abcc\" data-element_type=\"container\" data-e-type=\"container\">\n\t\t\t\t<div class=\"elementor-element elementor-element-f1de5cc elementor-widget elementor-widget-bzotech-heading-global\" data-id=\"f1de5cc\" data-element_type=\"widget\" data-e-type=\"widget\" data-widget_type=\"bzotech-heading-global.default\">\n\t\t\t\t<div class=\"elementor-widget-container\">\n\t\t\t\t\t<h2 class=\"container-flex-e elbzotech-heading-global font-title text-css-e font-semibold  title48 color-title elbzotech-heading-global-style1\">CONTACTEZ-NOUS<span class=\"type-title_shadow\"><\/span><\/h2>\t\t\t\t<\/div>\n\t\t\t\t<\/div>\n\t\t\t\t<div class=\"elementor-element elementor-element-847bf7a elementor-widget__width-initial elementor-widget elementor-widget-bzotech-heading-global\" data-id=\"847bf7a\" data-element_type=\"widget\" data-e-type=\"widget\" data-widget_type=\"bzotech-heading-global.default\">\n\t\t\t\t<div class=\"elementor-widget-container\">\n\t\t\t\t\t<div class=\"elbzotech-text-editor-global text-css-e e-color-body\"><p>Support@lunty.fr<\/p><\/div>\t\t\t\t<\/div>\n\t\t\t\t<\/div>\n\t\t\t\t<div class=\"elementor-element elementor-element-2b803a1 elementor-widget elementor-widget-bzotech-heading-global\" data-id=\"2b803a1\" data-element_type=\"widget\" data-e-type=\"widget\" data-widget_type=\"bzotech-heading-global.default\">\n\t\t\t\t<div class=\"elementor-widget-container\">\n\t\t\t\t\t<h2 class=\"container-flex-e elbzotech-heading-global font-title text-css-e font-semibold  title48 color-title elbzotech-heading-global-style1\">SERVICE CLIENT<span class=\"type-title_shadow\"><\/span><\/h2>\t\t\t\t<\/div>\n\t\t\t\t<\/div>\n\t\t\t\t<div class=\"elementor-element elementor-element-e79ffe3 elementor-widget__width-initial elementor-widget elementor-widget-bzotech-heading-global\" data-id=\"e79ffe3\" data-element_type=\"widget\" data-e-type=\"widget\" data-widget_type=\"bzotech-heading-global.default\">\n\t\t\t\t<div class=\"elementor-widget-container\">\n\t\t\t\t\t<div class=\"elbzotech-text-editor-global text-css-e e-color-body\"><p>LUN-VEN : 09:00 \u2013 20:00<\/p><\/div>\t\t\t\t<\/div>\n\t\t\t\t<\/div>\n\t\t\t\t<\/div>\n\t\t<div class=\"elementor-element elementor-element-a48edc0 e-con-full e-flex e-con e-child\" data-id=\"a48edc0\" data-element_type=\"container\" data-e-type=\"container\">\n\t\t\t\t<div class=\"elementor-element elementor-element-9348978 elementor-widget elementor-widget-bzotech-banner-info-global\" data-id=\"9348978\" data-element_type=\"widget\" data-e-type=\"widget\" data-widget_type=\"bzotech-banner-info-global.default\">\n\t\t\t\t<div class=\"elementor-widget-container\">\n\t\t\t\t\t<div class=\"elbzotech-banner-info-global-wrap elbzotech-banner-info-global-elbzotech-bndf zoom-image elbzotech-hidden wrap-flex-e-elbzotech-info-inner\" >\r\n\t\t\t<div class=\"elbzotech-banner-info-global-thumb zoom-image elbzotech-hidden\" >\r\n\t\t\t<a class=\"adv-thumb-link  elementor-animation-\" rel=\"nofollow\" role=\"button\" >\r\n\t\t\t\t\t\t\t\t\t\t\t\t<img loading=\"lazy\" decoding=\"async\" width=\"1024\" height=\"1024\" src=\"https:\/\/lunty.fr\/wp-content\/uploads\/2026\/01\/ChatGPT-Image-13-janv.-2026-23_22_07.png\" class=\"attachment-full size-full wp-image-33551\" alt=\"\" srcset=\"https:\/\/lunty.fr\/wp-content\/uploads\/2026\/01\/ChatGPT-Image-13-janv.-2026-23_22_07.png 1024w, https:\/\/lunty.fr\/wp-content\/uploads\/2026\/01\/ChatGPT-Image-13-janv.-2026-23_22_07-300x300.png 300w, https:\/\/lunty.fr\/wp-content\/uploads\/2026\/01\/ChatGPT-Image-13-janv.-2026-23_22_07-150x150.png 150w, https:\/\/lunty.fr\/wp-content\/uploads\/2026\/01\/ChatGPT-Image-13-janv.-2026-23_22_07-600x600.png 600w, https:\/\/lunty.fr\/wp-content\/uploads\/2026\/01\/ChatGPT-Image-13-janv.-2026-23_22_07-768x768.png 768w\" sizes=\"(max-width: 1024px) 100vw, 1024px\" \/>\t\t\t\t\t\t\t<\/a>\r\n\t\t<\/div>\r\n\t<\/div>\t\t\t\t<\/div>\n\t\t\t\t<\/div>\n\t\t\t\t<\/div>\n\t\t\t\t\t<\/div>\n\t\t\t\t<\/div>\n\t\t\t\t<\/div>","protected":false},"excerpt":{"rendered":"<p>\u00c0 propos de nous Lunty est n\u00e9e d\u2019un constat simple : aujourd\u2019hui, nous passons une grande partie de nos journ\u00e9es devant des \u00e9crans. Ordinateurs, smartphones ou tablettes font d\u00e9sormais partie de notre quotidien, mais cette exposition prolong\u00e9e peut entra\u00eener fatigue visuelle et inconfort. Pens\u00e9e par des femmes, pour les femmes, Lunty propose une collection de [&hellip;]<\/p>\n","protected":false},"author":1,"featured_media":0,"parent":0,"menu_order":0,"comment_status":"closed","ping_status":"closed","template":"elementor-template.php","meta":{"footnotes":""},"class_list":["post-956","page","type-page","status-publish","hentry"],"_hostinger_reach_plugin_has_subscription_block":false,"_hostinger_reach_plugin_is_elementor":false,"_links":{"self":[{"href":"https:\/\/lunty.fr\/en\/wp-json\/wp\/v2\/pages\/956","targetHints":{"allow":["GET"]}}],"collection":[{"href":"https:\/\/lunty.fr\/en\/wp-json\/wp\/v2\/pages"}],"about":[{"href":"https:\/\/lunty.fr\/en\/wp-json\/wp\/v2\/types\/page"}],"author":[{"embeddable":true,"href":"https:\/\/lunty.fr\/en\/wp-json\/wp\/v2\/users\/1"}],"replies":[{"embeddable":true,"href":"https:\/\/lunty.fr\/en\/wp-json\/wp\/v2\/comments?post=956"}],"version-history":[{"count":54,"href":"https:\/\/lunty.fr\/en\/wp-json\/wp\/v2\/pages\/956\/revisions"}],"predecessor-version":[{"id":33841,"href":"https:\/\/lunty.fr\/en\/wp-json\/wp\/v2\/pages\/956\/revisions\/33841"}],"wp:attachment":[{"href":"https:\/\/lunty.fr\/en\/wp-json\/wp\/v2\/media?parent=956"}],"curies":[{"name":"wp","href":"https:\/\/api.w.org\/{rel}","templated":true}]}}