{"id":8222,"date":"2023-04-22T04:00:07","date_gmt":"2023-04-22T04:00:07","guid":{"rendered":"https:\/\/bw-medxtore-demo6.bzotech.com\/?page_id=8222"},"modified":"2026-04-13T19:33:27","modified_gmt":"2026-04-13T19:33:27","slug":"about-page-v2","status":"publish","type":"page","link":"https:\/\/lunty.fr\/en\/about-page-v2\/","title":{"rendered":"About page &#8211; v2"},"content":{"rendered":"<div data-elementor-type=\"wp-page\" data-elementor-id=\"8222\" class=\"elementor elementor-8222\">\n\t\t\t\t<div class=\"elementor-element elementor-element-5552691 e-flex e-con-boxed e-con e-parent\" data-id=\"5552691\" data-element_type=\"container\" data-e-type=\"container\">\n\t\t\t\t\t<div class=\"e-con-inner\">\n\t\t\t\t<div class=\"elementor-element elementor-element-b716698 elementor-widget-tablet_extra__width-initial elementor-widget elementor-widget-bzotech-heading-global\" data-id=\"b716698\" data-element_type=\"widget\" data-e-type=\"widget\" data-widget_type=\"bzotech-heading-global.default\">\n\t\t\t\t<div class=\"elementor-widget-container\">\n\t\t\t\t\t<div class=\"elbzotech-text-editor-global text-css-e\"><h1 data-section-id=\"xnwyq9\" data-start=\"149\" data-end=\"198\"><span role=\"text\"><strong data-start=\"151\" data-end=\"198\">Conditions G\u00e9n\u00e9rales de Vente (CGV) \u2013 LUNTY<\/strong><\/span><\/h1><h2 data-section-id=\"1pbug3w\" data-start=\"200\" data-end=\"213\">1. Objet<\/h2><p data-start=\"214\" data-end=\"311\">Les pr\u00e9sentes CGV r\u00e9gissent les ventes de produits de confort visuel propos\u00e9es sur le site LUNTY.<\/p><hr data-start=\"313\" data-end=\"316\" \/><h2 data-section-id=\"9bkf8a\" data-start=\"318\" data-end=\"359\">2. Informations sur le professionnel<\/h2><p data-start=\"360\" data-end=\"565\">Marque : LUNTY<br data-start=\"374\" data-end=\"377\" \/>Statut : Entrepreneur individuel<br data-start=\"409\" data-end=\"412\" \/>SIREN : 987 865 326<br data-start=\"431\" data-end=\"434\" \/>Adresse : Rue du Val Content, 92260 Fontenay-aux-Roses, France<br data-start=\"496\" data-end=\"499\" \/>Email : <a class=\"decorated-link cursor-pointer\" rel=\"noopener\" data-start=\"507\" data-end=\"531\">Lunettes.lunty@gmail.com<\/a><br data-start=\"531\" data-end=\"534\" \/>T\u00e9l\u00e9phone : +33 7 81 19 39 49<\/p><hr data-start=\"567\" data-end=\"570\" \/><h2 data-section-id=\"wuqrpm\" data-start=\"572\" data-end=\"588\">3. Produits<\/h2><p data-start=\"589\" data-end=\"771\">Les produits propos\u00e9s sont des produits de confort visuel.<br data-start=\"647\" data-end=\"650\" \/>Les caract\u00e9ristiques essentielles sont d\u00e9crites sur chaque fiche produit.<br data-start=\"723\" data-end=\"726\" \/>Les photographies ne sont pas contractuelles.<\/p><hr data-start=\"773\" data-end=\"776\" \/><h2 data-section-id=\"17wbaek\" data-start=\"778\" data-end=\"790\">4. Prix<\/h2><p data-start=\"791\" data-end=\"998\">Les prix sont indiqu\u00e9s en euros (\u20ac), toutes taxes comprises (TTC).<br data-start=\"857\" data-end=\"860\" \/>Les frais de livraison sont pr\u00e9cis\u00e9s avant validation de la commande.<br data-start=\"929\" data-end=\"932\" \/>Le vendeur se r\u00e9serve le droit de modifier ses prix \u00e0 tout moment.<\/p><hr data-start=\"1000\" data-end=\"1003\" \/><h2 data-section-id=\"1jllegs\" data-start=\"1005\" data-end=\"1021\">5. Commande<\/h2><p data-start=\"1022\" data-end=\"1213\">Toute commande implique l\u2019acceptation des pr\u00e9sentes CGV.<br data-start=\"1078\" data-end=\"1081\" \/>Le contrat est conclu lors de la validation du paiement.<br data-start=\"1137\" data-end=\"1140\" \/>Le vendeur se r\u00e9serve le droit d\u2019annuler toute commande en cas de litige.<\/p><hr data-start=\"1215\" data-end=\"1218\" \/><h2 data-section-id=\"10ev1w2\" data-start=\"1220\" data-end=\"1236\">6. Paiement<\/h2><p data-start=\"1237\" data-end=\"1364\">Le paiement est exigible imm\u00e9diatement \u00e0 la commande.<br data-start=\"1290\" data-end=\"1293\" \/>Les paiements sont s\u00e9curis\u00e9s via les prestataires propos\u00e9s sur le site.<\/p><hr data-start=\"1366\" data-end=\"1369\" \/><h2 data-section-id=\"96nclj\" data-start=\"1371\" data-end=\"1388\">7. Livraison<\/h2><p data-start=\"1389\" data-end=\"1512\">Les produits sont livr\u00e9s \u00e0 l\u2019adresse indiqu\u00e9e par le client.<\/p><p data-start=\"1389\" data-end=\"1512\">Les d\u00e9lais de livraison sont compris entre 2 et 5 jours ouvr\u00e9s apr\u00e8s la commande. La livraison \u00e9tant assur\u00e9e par des prestataires externes, des retards peuvent exceptionnellement survenir ind\u00e9pendamment de la volont\u00e9 du vendeur.<\/p><hr data-start=\"1596\" data-end=\"1599\" \/><h2 data-section-id=\"t2hdj4\" data-start=\"1601\" data-end=\"1630\">8. Droit de r\u00e9tractation<\/h2><p data-start=\"1631\" data-end=\"1728\">Le client dispose de 14 jours \u00e0 compter de la r\u00e9ception pour exercer son droit de r\u00e9tractation.<\/p><p data-start=\"1730\" data-end=\"1744\">Conditions :<\/p><ul data-start=\"1745\" data-end=\"1845\"><li data-section-id=\"9pgsp1\" data-start=\"1745\" data-end=\"1766\">Demande par email<\/li><li data-section-id=\"oaytnr\" data-start=\"1767\" data-end=\"1807\">Produit non utilis\u00e9, en parfait \u00e9tat<\/li><li data-section-id=\"v82obu\" data-start=\"1808\" data-end=\"1845\">Retour dans l\u2019emballage d\u2019origine<\/li><\/ul><p data-start=\"1847\" data-end=\"1894\">Afin de vous proposer des prix accessibles toute l\u2019ann\u00e9e, les frais de retour restent \u00e0 la charge du client.<\/p><hr data-start=\"1896\" data-end=\"1899\" \/><h2 data-section-id=\"11tqpie\" data-start=\"1901\" data-end=\"1922\">9. Remboursement<\/h2><p data-start=\"1923\" data-end=\"2100\">Le remboursement est effectu\u00e9 sous 14 jours apr\u00e8s r\u00e9ception et v\u00e9rification du produit.<br data-start=\"2010\" data-end=\"2013\" \/>Le remboursement est r\u00e9alis\u00e9 via le m\u00eame moyen de paiement utilis\u00e9 lors de la commande.<\/p><hr data-start=\"2102\" data-end=\"2105\" \/><h2 data-section-id=\"pyhj0j\" data-start=\"2107\" data-end=\"2133\">10. Garanties l\u00e9gales<\/h2><p data-start=\"2134\" data-end=\"2157\">Le client b\u00e9n\u00e9ficie :<\/p><ul data-start=\"2158\" data-end=\"2240\"><li data-section-id=\"1piqhpo\" data-start=\"2158\" data-end=\"2197\">de la garantie l\u00e9gale de conformit\u00e9<\/li><li data-section-id=\"qixxqd\" data-start=\"2198\" data-end=\"2240\">de la garantie contre les vices cach\u00e9s<\/li><\/ul><hr data-start=\"2242\" data-end=\"2245\" \/><h2 data-section-id=\"1hahgm7\" data-start=\"2247\" data-end=\"2265\">11. M\u00e9diation<\/h2><p data-start=\"2266\" data-end=\"2380\">En cas de litige, le client peut recourir gratuitement \u00e0 un m\u00e9diateur de la consommation.<\/p><hr data-start=\"2382\" data-end=\"2385\" \/><h2 data-section-id=\"c1wfo1\" data-start=\"2387\" data-end=\"2407\">12. R\u00e9siliation<\/h2><p data-start=\"126\" data-end=\"287\">Apr\u00e8s exp\u00e9dition de la commande, le client peut exercer son droit de r\u00e9tractation dans un d\u00e9lai de 14 jours conform\u00e9ment aux pr\u00e9sentes CGV.<\/p><hr data-start=\"2531\" data-end=\"2534\" \/><h2 data-section-id=\"1lh3kil\" data-start=\"2536\" data-end=\"2559\">13. Responsabilit\u00e9<\/h2><p data-start=\"2560\" data-end=\"2607\">Le vendeur ne saurait \u00eatre tenu responsable :<\/p><ul data-start=\"2608\" data-end=\"2721\"><li data-section-id=\"184alpl\" data-start=\"2608\" data-end=\"2649\">d\u2019une mauvaise utilisation du produit<\/li><li data-section-id=\"1shq5qo\" data-start=\"2650\" data-end=\"2691\">d\u2019un retard imputable au transporteur<\/li><li data-section-id=\"7phv7m\" data-start=\"2692\" data-end=\"2721\">d\u2019un cas de force majeure<\/li><\/ul><hr data-start=\"2723\" data-end=\"2726\" \/><h2 data-section-id=\"t3shma\" data-start=\"2728\" data-end=\"2757\">14. Donn\u00e9es personnelles<\/h2><p data-start=\"2758\" data-end=\"2930\">Les donn\u00e9es collect\u00e9es sont utilis\u00e9es uniquement pour le traitement des commandes.<\/p><hr data-start=\"2932\" data-end=\"2935\" \/><h2 data-section-id=\"knq8hy\" data-start=\"2937\" data-end=\"2953\">15. Litiges<\/h2><p data-start=\"2954\" data-end=\"3080\">Les pr\u00e9sentes CGV sont soumises au droit fran\u00e7ais.<br data-start=\"3004\" data-end=\"3007\" \/>\u00c0 d\u00e9faut de r\u00e9solution amiable, les tribunaux fran\u00e7ais seront comp\u00e9tents.<\/p><hr data-start=\"3082\" data-end=\"3085\" \/><h2 data-section-id=\"bfn8jy\" data-start=\"3087\" data-end=\"3119\">16. Co\u00fbt des communications<\/h2><p data-start=\"3120\" data-end=\"3191\">Le co\u00fbt d\u2019un appel est celui d\u2019une communication standard non surtax\u00e9e.<\/p><hr data-start=\"3193\" data-end=\"3196\" \/><h2 data-section-id=\"10kbt01\" data-start=\"3198\" data-end=\"3217\">17. Assurances<\/h2><p data-start=\"3218\" data-end=\"3286\">Aucune assurance sp\u00e9cifique n\u2019est souscrite.<\/p><\/div>\t\t\t\t<\/div>\n\t\t\t\t<\/div>\n\t\t\t\t\t<\/div>\n\t\t\t\t<\/div>\n\t\t\t\t<\/div>","protected":false},"excerpt":{"rendered":"<p>Conditions G\u00e9n\u00e9rales de Vente (CGV) \u2013 LUNTY 1. Objet Les pr\u00e9sentes CGV r\u00e9gissent les ventes de produits de confort visuel propos\u00e9es sur le site LUNTY. 2. Informations sur le professionnel Marque : LUNTYStatut : Entrepreneur individuelSIREN : 987 865 326Adresse : Rue du Val Content, 92260 Fontenay-aux-Roses, FranceEmail : Lunettes.lunty@gmail.comT\u00e9l\u00e9phone : +33 7 81 19 [&hellip;]<\/p>\n","protected":false},"author":1,"featured_media":0,"parent":0,"menu_order":0,"comment_status":"closed","ping_status":"closed","template":"","meta":{"footnotes":""},"class_list":["post-8222","page","type-page","status-publish","hentry"],"_hostinger_reach_plugin_has_subscription_block":false,"_hostinger_reach_plugin_is_elementor":false,"_links":{"self":[{"href":"https:\/\/lunty.fr\/en\/wp-json\/wp\/v2\/pages\/8222","targetHints":{"allow":["GET"]}}],"collection":[{"href":"https:\/\/lunty.fr\/en\/wp-json\/wp\/v2\/pages"}],"about":[{"href":"https:\/\/lunty.fr\/en\/wp-json\/wp\/v2\/types\/page"}],"author":[{"embeddable":true,"href":"https:\/\/lunty.fr\/en\/wp-json\/wp\/v2\/users\/1"}],"replies":[{"embeddable":true,"href":"https:\/\/lunty.fr\/en\/wp-json\/wp\/v2\/comments?post=8222"}],"version-history":[{"count":22,"href":"https:\/\/lunty.fr\/en\/wp-json\/wp\/v2\/pages\/8222\/revisions"}],"predecessor-version":[{"id":33838,"href":"https:\/\/lunty.fr\/en\/wp-json\/wp\/v2\/pages\/8222\/revisions\/33838"}],"wp:attachment":[{"href":"https:\/\/lunty.fr\/en\/wp-json\/wp\/v2\/media?parent=8222"}],"curies":[{"name":"wp","href":"https:\/\/api.w.org\/{rel}","templated":true}]}}