{"id":33821,"date":"2026-04-13T18:18:24","date_gmt":"2026-04-13T18:18:24","guid":{"rendered":"https:\/\/lunty.fr\/?page_id=33821"},"modified":"2026-04-13T19:33:06","modified_gmt":"2026-04-13T19:33:06","slug":"politique-de-confidentialite-2","status":"publish","type":"page","link":"https:\/\/lunty.fr\/en\/politique-de-confidentialite-2\/","title":{"rendered":"Politique de confidentialit\u00e9"},"content":{"rendered":"<h1 style=\"text-align: left;\" data-section-id=\"1iwb9pq\" data-start=\"109\" data-end=\"151\"><span role=\"text\"><strong data-start=\"111\" data-end=\"151\">Politique de confidentialit\u00e9 \u2013 LUNTY<\/strong><\/span><\/h1>\n<h2 style=\"text-align: left;\" data-section-id=\"1ucmza2\" data-start=\"153\" data-end=\"173\">1. Introduction<\/h2>\n<p style=\"text-align: left;\" data-start=\"174\" data-end=\"360\">La pr\u00e9sente politique de confidentialit\u00e9 a pour objectif d\u2019informer les utilisateurs du site LUNTY sur la mani\u00e8re dont leurs donn\u00e9es personnelles sont collect\u00e9es, utilis\u00e9es et prot\u00e9g\u00e9es.<\/p>\n<hr data-start=\"362\" data-end=\"365\" \/>\n<h2 style=\"text-align: left;\" data-section-id=\"dnmp9l\" data-start=\"367\" data-end=\"400\">2. Responsable du traitement<\/h2>\n<p style=\"text-align: left;\" data-start=\"401\" data-end=\"574\">Marque : LUNTY<br data-start=\"415\" data-end=\"418\" \/>Statut : Entrepreneur individuel<br data-start=\"450\" data-end=\"453\" \/>SIREN : 987 865 326<br data-start=\"472\" data-end=\"475\" \/>Adresse : Rue du Val Content, 92260 Fontenay-aux-Roses, France<br data-start=\"537\" data-end=\"540\" \/>Email : <a class=\"decorated-link cursor-pointer\" rel=\"noopener\" data-start=\"548\" data-end=\"572\">Lunettes.lunty@gmail.com<\/a><\/p>\n<hr data-start=\"576\" data-end=\"579\" \/>\n<h2 style=\"text-align: left;\" data-section-id=\"1igwbot\" data-start=\"581\" data-end=\"607\">3. Donn\u00e9es collect\u00e9es<\/h2>\n<p style=\"text-align: left;\" data-start=\"608\" data-end=\"665\">Les donn\u00e9es personnelles pouvant \u00eatre collect\u00e9es sont :<\/p>\n<ul style=\"text-align: left;\" data-start=\"666\" data-end=\"861\">\n<li data-section-id=\"xq2hqq\" data-start=\"666\" data-end=\"683\">Nom et pr\u00e9nom<\/li>\n<li data-section-id=\"nm6hhr\" data-start=\"684\" data-end=\"703\">Adresse postale<\/li>\n<li data-section-id=\"14i9cz7\" data-start=\"704\" data-end=\"721\">Adresse email<\/li>\n<li data-section-id=\"1m5x4nj\" data-start=\"722\" data-end=\"745\">Num\u00e9ro de t\u00e9l\u00e9phone<\/li>\n<li data-section-id=\"v8mi3l\" data-start=\"746\" data-end=\"803\">Informations de paiement (via prestataires s\u00e9curis\u00e9s)<\/li>\n<li data-section-id=\"ixsz0z\" data-start=\"804\" data-end=\"861\">Donn\u00e9es de navigation (cookies, pages visit\u00e9es, etc.)<\/li>\n<\/ul>\n<hr data-start=\"863\" data-end=\"866\" \/>\n<h2 style=\"text-align: left;\" data-section-id=\"djuutf\" data-start=\"868\" data-end=\"900\">4. Finalit\u00e9s de la collecte<\/h2>\n<p style=\"text-align: left;\" data-start=\"901\" data-end=\"937\">Les donn\u00e9es sont collect\u00e9es pour :<\/p>\n<ul style=\"text-align: left;\" data-start=\"938\" data-end=\"1069\">\n<li data-section-id=\"lhfaht\" data-start=\"938\" data-end=\"975\">Traiter et exp\u00e9dier les commandes<\/li>\n<li data-section-id=\"1p02nbl\" data-start=\"976\" data-end=\"1004\">G\u00e9rer la relation client<\/li>\n<li data-section-id=\"17h4jvw\" data-start=\"1005\" data-end=\"1030\">R\u00e9pondre aux demandes<\/li>\n<li data-section-id=\"bfoajw\" data-start=\"1031\" data-end=\"1069\">Am\u00e9liorer l\u2019exp\u00e9rience utilisateur<\/li>\n<\/ul>\n<hr data-start=\"1071\" data-end=\"1074\" \/>\n<h2 style=\"text-align: left;\" data-section-id=\"tri4m8\" data-start=\"1076\" data-end=\"1109\">5. Destinataires des donn\u00e9es<\/h2>\n<p style=\"text-align: left;\" data-start=\"1110\" data-end=\"1151\">Les donn\u00e9es peuvent \u00eatre transmises \u00e0 :<\/p>\n<ul style=\"text-align: left;\" data-start=\"1152\" data-end=\"1260\">\n<li data-section-id=\"1h8o0i0\" data-start=\"1152\" data-end=\"1198\">Prestataires de paiement (Stripe, PayPal\u2026)<\/li>\n<li data-section-id=\"muf7g\" data-start=\"1199\" data-end=\"1224\">Services de livraison<\/li>\n<li data-section-id=\"1gyp1yy\" data-start=\"1225\" data-end=\"1260\">Outils marketing ou analytiques<\/li>\n<\/ul>\n<p style=\"text-align: left;\" data-start=\"1262\" data-end=\"1332\">Ces partenaires s\u2019engagent \u00e0 respecter la confidentialit\u00e9 des donn\u00e9es.<\/p>\n<hr data-start=\"1334\" data-end=\"1337\" \/>\n<h2 style=\"text-align: left;\" data-section-id=\"1m63ksi\" data-start=\"1339\" data-end=\"1370\">6. Droits des utilisateurs<\/h2>\n<p style=\"text-align: left;\" data-start=\"1371\" data-end=\"1430\">Conform\u00e9ment au RGPD, vous disposez des droits suivants :<\/p>\n<ul style=\"text-align: left;\" data-start=\"1431\" data-end=\"1563\">\n<li data-section-id=\"1xqerjf\" data-start=\"1431\" data-end=\"1448\">Droit d\u2019acc\u00e8s<\/li>\n<li data-section-id=\"1fd4r6d\" data-start=\"1449\" data-end=\"1475\">Droit de rectification<\/li>\n<li data-section-id=\"1s65qt0\" data-start=\"1476\" data-end=\"1500\">Droit de suppression<\/li>\n<li data-section-id=\"1owpng7\" data-start=\"1501\" data-end=\"1523\">Droit d\u2019opposition<\/li>\n<li data-section-id=\"1jc9f85\" data-start=\"1524\" data-end=\"1563\">Droit \u00e0 la limitation du traitement<\/li>\n<\/ul>\n<p style=\"text-align: left;\" data-start=\"1565\" data-end=\"1638\">Vous pouvez exercer vos droits en contactant : <a class=\"decorated-link cursor-pointer\" rel=\"noopener\" data-start=\"1612\" data-end=\"1636\">Lunettes.lunty@gmail.com<\/a><\/p>\n<hr data-start=\"1640\" data-end=\"1643\" \/>\n<h2 style=\"text-align: left;\" data-section-id=\"11j305b\" data-start=\"1645\" data-end=\"1674\">7. Dur\u00e9e de conservation<\/h2>\n<p style=\"text-align: left;\" data-start=\"1675\" data-end=\"1706\">Les donn\u00e9es sont conserv\u00e9es :<\/p>\n<ul data-start=\"1707\" data-end=\"1839\">\n<li style=\"text-align: left;\" data-section-id=\"1lcrirh\" data-start=\"1707\" data-end=\"1754\">Pendant la dur\u00e9e de la relation commerciale<\/li>\n<li style=\"text-align: left;\" data-section-id=\"y1x1mj\" data-start=\"1755\" data-end=\"1809\">Puis archiv\u00e9es pendant 5 ans (obligations l\u00e9gales)<\/li>\n<li style=\"text-align: left;\" data-section-id=\"1xyi42f\" data-start=\"1810\" data-end=\"1839\">Cookies : 13 mois maximum<\/li>\n<\/ul>","protected":false},"excerpt":{"rendered":"<p>Politique de confidentialit\u00e9 \u2013 LUNTY 1. Introduction La pr\u00e9sente politique de confidentialit\u00e9 a pour objectif d\u2019informer les utilisateurs du site LUNTY sur la mani\u00e8re dont leurs donn\u00e9es personnelles sont collect\u00e9es, utilis\u00e9es et prot\u00e9g\u00e9es. 2. Responsable du traitement Marque : LUNTYStatut : Entrepreneur individuelSIREN : 987 865 326Adresse : Rue du Val Content, 92260 Fontenay-aux-Roses, FranceEmail [&hellip;]<\/p>\n","protected":false},"author":2,"featured_media":0,"parent":0,"menu_order":0,"comment_status":"closed","ping_status":"closed","template":"","meta":{"footnotes":""},"class_list":["post-33821","page","type-page","status-publish","hentry"],"_hostinger_reach_plugin_has_subscription_block":false,"_hostinger_reach_plugin_is_elementor":false,"_links":{"self":[{"href":"https:\/\/lunty.fr\/en\/wp-json\/wp\/v2\/pages\/33821","targetHints":{"allow":["GET"]}}],"collection":[{"href":"https:\/\/lunty.fr\/en\/wp-json\/wp\/v2\/pages"}],"about":[{"href":"https:\/\/lunty.fr\/en\/wp-json\/wp\/v2\/types\/page"}],"author":[{"embeddable":true,"href":"https:\/\/lunty.fr\/en\/wp-json\/wp\/v2\/users\/2"}],"replies":[{"embeddable":true,"href":"https:\/\/lunty.fr\/en\/wp-json\/wp\/v2\/comments?post=33821"}],"version-history":[{"count":8,"href":"https:\/\/lunty.fr\/en\/wp-json\/wp\/v2\/pages\/33821\/revisions"}],"predecessor-version":[{"id":33824,"href":"https:\/\/lunty.fr\/en\/wp-json\/wp\/v2\/pages\/33821\/revisions\/33824"}],"wp:attachment":[{"href":"https:\/\/lunty.fr\/en\/wp-json\/wp\/v2\/media?parent=33821"}],"curies":[{"name":"wp","href":"https:\/\/api.w.org\/{rel}","templated":true}]}}